{"id":49,"date":"2022-01-14T11:06:30","date_gmt":"2022-01-14T11:06:30","guid":{"rendered":"https:\/\/www.marista.hu\/lelkiseg\/?page_id=49"},"modified":"2022-08-15T11:48:53","modified_gmt":"2022-08-15T11:48:53","slug":"kategoriak","status":"publish","type":"page","link":"https:\/\/www.marista.hu\/lelkiseg\/kategoriak\/","title":{"rendered":"Kateg\u00f3ri\u00e1k"},"content":{"rendered":"\n<h2 class=\"wp-block-heading\" id=\"Kateg\u00f3ri\u00e1k\" style=\"font-size:38px;line-height:1.4\">Kateg\u00f3ri\u00e1k<\/h2>\n\n\n\n<div class=\"wp-block-columns is-layout-flex wp-container-core-columns-is-layout-1 wp-block-columns-is-layout-flex\">\n<div class=\"wp-block-column is-layout-flow wp-block-column-is-layout-flow\">\n<p style=\"font-size:18px\"><\/p>\n\n\n\n<figure class=\"wp-block-image size-full\"><img loading=\"lazy\" decoding=\"async\" width=\"867\" height=\"1300\" src=\"https:\/\/i0.wp.com\/www.marista.hu\/lelkiseg\/wp-content\/uploads\/2022\/01\/pexels-photo-1123256.jpeg?resize=867%2C1300&#038;ssl=1\" alt=\"selective focus photography of candles\" class=\"wp-image-1591\" srcset=\"https:\/\/i0.wp.com\/www.marista.hu\/lelkiseg\/wp-content\/uploads\/2022\/01\/pexels-photo-1123256.jpeg?w=867&amp;ssl=1 867w, https:\/\/i0.wp.com\/www.marista.hu\/lelkiseg\/wp-content\/uploads\/2022\/01\/pexels-photo-1123256.jpeg?resize=200%2C300&amp;ssl=1 200w, https:\/\/i0.wp.com\/www.marista.hu\/lelkiseg\/wp-content\/uploads\/2022\/01\/pexels-photo-1123256.jpeg?resize=683%2C1024&amp;ssl=1 683w, https:\/\/i0.wp.com\/www.marista.hu\/lelkiseg\/wp-content\/uploads\/2022\/01\/pexels-photo-1123256.jpeg?resize=768%2C1152&amp;ssl=1 768w, https:\/\/i0.wp.com\/www.marista.hu\/lelkiseg\/wp-content\/uploads\/2022\/01\/pexels-photo-1123256.jpeg?resize=600%2C900&amp;ssl=1 600w\" sizes=\"auto, (max-width: 867px) 100vw, 867px\" data-recalc-dims=\"1\" \/><figcaption>Photo by Valeria Boltneva on <a href=\"https:\/\/www.pexels.com\/photo\/selective-focus-photography-of-candles-1123256\/\" rel=\"nofollow\">Pexels.com<\/a><\/figcaption><\/figure>\n<\/div>\n\n\n\n<div class=\"wp-block-column is-layout-flow wp-block-column-is-layout-flow\"><div  class=\"wp-block-ultimate-post-ultp-taxonomy ultp-block-24724e \"><div class=\"ultp-block-wrapper\"><div class=\"ultp-loading\"><div class=\"ultp-loading-blocks\" style=\"width:100%;height:100%;\"><div style=\"left: 0;top: 0;animation-delay:0s;\"><\/div><div style=\"left: 21px;top: 0;animation-delay:0.125s;\"><\/div><div style=\"left: 42px;top: 0;animation-delay:0.25s;\"><\/div><div style=\"left: 0;top: 21px;animation-delay:0.875s;\"><\/div><div style=\"left: 42px;top: 21px;animation-delay:0.375s;\"><\/div><div style=\"left: 0;top: 42px;animation-delay:0.75s;\"><\/div><div style=\"left: 42px;top: 42px;animation-delay:0.625s;\"><\/div><div style=\"left: 21px;top: 42px;animation-delay:0.5s;\"><\/div><\/div><\/div><div class=\"ultp-block-items-wrap\"><ul class=\"ultp-taxonomy-items  ultp-taxonomy-animation-zoomIn ultp-taxonomy-column-1 ultp-taxonomy-layout-1\"><li class=\"ultp-block-item ultp-taxonomy-item\"><a href=\"https:\/\/www.marista.hu\/lelkiseg\/category\/evangeliumi-kep\/\" ><span class=\"ultp-taxonomy-name\" >Evang\u00e9liumi k\u00e9p<\/span><span class=\"ultp-taxonomy-count\" >54<\/span><\/a><\/li><li class=\"ultp-block-item ultp-taxonomy-item\"><a href=\"https:\/\/www.marista.hu\/lelkiseg\/category\/ferenc-papa-idezetek\/\" ><span class=\"ultp-taxonomy-name\" >Ferenc p\u00e1pa id\u00e9zetek<\/span><span class=\"ultp-taxonomy-count\" >37<\/span><\/a><\/li><li class=\"ultp-block-item ultp-taxonomy-item\"><a href=\"https:\/\/www.marista.hu\/lelkiseg\/category\/infografikak\/\" ><span class=\"ultp-taxonomy-name\" >Infografik\u00e1k<\/span><span class=\"ultp-taxonomy-count\" >21<\/span><\/a><\/li><li class=\"ultp-block-item ultp-taxonomy-item\"><a href=\"https:\/\/www.marista.hu\/lelkiseg\/category\/interaktiv-feladatok\/\" ><span class=\"ultp-taxonomy-name\" >Interakt\u00edv feladatok<\/span><span class=\"ultp-taxonomy-count\" >13<\/span><\/a><\/li><li class=\"ultp-block-item ultp-taxonomy-item\"><a href=\"https:\/\/www.marista.hu\/lelkiseg\/category\/kotott-imadsag\/\" ><span class=\"ultp-taxonomy-name\" >K\u00f6t\u00f6tt im\u00e1ds\u00e1g<\/span><span class=\"ultp-taxonomy-count\" >116<\/span><\/a><\/li><li class=\"ultp-block-item ultp-taxonomy-item\"><a href=\"https:\/\/www.marista.hu\/lelkiseg\/category\/kozossegi-ima\/\" ><span class=\"ultp-taxonomy-name\" >K\u00f6z\u00f6ss\u00e9gi ima<\/span><span class=\"ultp-taxonomy-count\" >86<\/span><\/a><\/li><li class=\"ultp-block-item ultp-taxonomy-item\"><a href=\"https:\/\/www.marista.hu\/lelkiseg\/category\/lelkinap\/\" ><span class=\"ultp-taxonomy-name\" >Lelkinap<\/span><span class=\"ultp-taxonomy-count\" >5<\/span><\/a><\/li><li class=\"ultp-block-item ultp-taxonomy-item\"><a href=\"https:\/\/www.marista.hu\/lelkiseg\/category\/marista-motto\/\" ><span class=\"ultp-taxonomy-name\" >Marista mott\u00f3<\/span><span class=\"ultp-taxonomy-count\" >18<\/span><\/a><\/li><li class=\"ultp-block-item ultp-taxonomy-item\"><a href=\"https:\/\/www.marista.hu\/lelkiseg\/category\/mesek\/\" ><span class=\"ultp-taxonomy-name\" >Mes\u00e9k<\/span><span class=\"ultp-taxonomy-count\" >45<\/span><\/a><\/li><li class=\"ultp-block-item ultp-taxonomy-item\"><a href=\"https:\/\/www.marista.hu\/lelkiseg\/category\/treningek\/\" ><span class=\"ultp-taxonomy-name\" >Tr\u00e9ningek<\/span><span class=\"ultp-taxonomy-count\" >14<\/span><\/a><\/li><li class=\"ultp-block-item ultp-taxonomy-item\"><a href=\"https:\/\/www.marista.hu\/lelkiseg\/category\/videok\/\" ><span class=\"ultp-taxonomy-name\" >Vide\u00f3k<\/span><span class=\"ultp-taxonomy-count\" >71<\/span><\/a><\/li><li class=\"ultp-block-item ultp-taxonomy-item\"><a href=\"https:\/\/www.marista.hu\/lelkiseg\/category\/zene\/\" ><span class=\"ultp-taxonomy-name\" >Zene<\/span><span class=\"ultp-taxonomy-count\" >31<\/span><\/a><\/li><\/ul><\/div><\/div><\/div><\/div>\n<\/div>\n\n\n\n<div class=\"wp-block-columns alignwide is-layout-flex wp-container-core-columns-is-layout-2 wp-block-columns-is-layout-flex\">\n<div class=\"wp-block-column is-layout-flow wp-block-column-is-layout-flow\" style=\"flex-basis:100%\"><\/div>\n<\/div>\n\n\n\n<p><\/p>\n","protected":false},"excerpt":{"rendered":"<p>Kateg\u00f3ri\u00e1k<\/p>\n","protected":false},"author":1,"featured_media":0,"parent":0,"menu_order":0,"comment_status":"closed","ping_status":"closed","template":"","meta":{"footnotes":""},"class_list":["post-49","page","type-page","status-publish","hentry","entry"],"_links":{"self":[{"href":"https:\/\/www.marista.hu\/lelkiseg\/wp-json\/wp\/v2\/pages\/49","targetHints":{"allow":["GET"]}}],"collection":[{"href":"https:\/\/www.marista.hu\/lelkiseg\/wp-json\/wp\/v2\/pages"}],"about":[{"href":"https:\/\/www.marista.hu\/lelkiseg\/wp-json\/wp\/v2\/types\/page"}],"author":[{"embeddable":true,"href":"https:\/\/www.marista.hu\/lelkiseg\/wp-json\/wp\/v2\/users\/1"}],"replies":[{"embeddable":true,"href":"https:\/\/www.marista.hu\/lelkiseg\/wp-json\/wp\/v2\/comments?post=49"}],"version-history":[{"count":10,"href":"https:\/\/www.marista.hu\/lelkiseg\/wp-json\/wp\/v2\/pages\/49\/revisions"}],"predecessor-version":[{"id":1592,"href":"https:\/\/www.marista.hu\/lelkiseg\/wp-json\/wp\/v2\/pages\/49\/revisions\/1592"}],"wp:attachment":[{"href":"https:\/\/www.marista.hu\/lelkiseg\/wp-json\/wp\/v2\/media?parent=49"}],"curies":[{"name":"wp","href":"https:\/\/api.w.org\/{rel}","templated":true}]}}