{"id":1764,"date":"2022-10-18T12:15:47","date_gmt":"2022-10-18T12:15:47","guid":{"rendered":"https:\/\/www.marista.hu\/lelkiseg\/?page_id=1764"},"modified":"2022-10-18T12:15:49","modified_gmt":"2022-10-18T12:15:49","slug":"hirlevel","status":"publish","type":"page","link":"https:\/\/www.marista.hu\/lelkiseg\/hirlevel\/","title":{"rendered":"H\u00edrlev\u00e9l"},"content":{"rendered":"\n<p>Ha szeretn\u00e9l id\u0151ben \u00e9rtes\u00fclni\u00a0leg\u00fajabb lelki anyagokr\u00f3l \u00e9s egyh\u00e1zi esem\u00e9nyekr\u0151l, akkor iratkozz fel h\u00edrlevel\u00fcnkre!<\/p>\n\n\n\n<figure class=\"wp-block-image size-full is-style-default\"><img loading=\"lazy\" decoding=\"async\" width=\"1200\" height=\"800\" src=\"https:\/\/i0.wp.com\/www.marista.hu\/lelkiseg\/wp-content\/uploads\/2022\/10\/pexels-photo-1603933.jpeg?resize=1200%2C800&#038;ssl=1\" alt=\"selective focus photo of bottle floating on body of water\" class=\"wp-image-1765\" srcset=\"https:\/\/i0.wp.com\/www.marista.hu\/lelkiseg\/wp-content\/uploads\/2022\/10\/pexels-photo-1603933.jpeg?w=1880&amp;ssl=1 1880w, https:\/\/i0.wp.com\/www.marista.hu\/lelkiseg\/wp-content\/uploads\/2022\/10\/pexels-photo-1603933.jpeg?resize=300%2C200&amp;ssl=1 300w, https:\/\/i0.wp.com\/www.marista.hu\/lelkiseg\/wp-content\/uploads\/2022\/10\/pexels-photo-1603933.jpeg?resize=1024%2C682&amp;ssl=1 1024w, https:\/\/i0.wp.com\/www.marista.hu\/lelkiseg\/wp-content\/uploads\/2022\/10\/pexels-photo-1603933.jpeg?resize=768%2C512&amp;ssl=1 768w, https:\/\/i0.wp.com\/www.marista.hu\/lelkiseg\/wp-content\/uploads\/2022\/10\/pexels-photo-1603933.jpeg?resize=1536%2C1024&amp;ssl=1 1536w, https:\/\/i0.wp.com\/www.marista.hu\/lelkiseg\/wp-content\/uploads\/2022\/10\/pexels-photo-1603933.jpeg?resize=1200%2C800&amp;ssl=1 1200w\" sizes=\"auto, (max-width: 1200px) 100vw, 1200px\" data-recalc-dims=\"1\" \/><\/figure>\n\n\n<script>(function() {\n\twindow.mc4wp = window.mc4wp || {\n\t\tlisteners: [],\n\t\tforms: {\n\t\t\ton: function(evt, cb) {\n\t\t\t\twindow.mc4wp.listeners.push(\n\t\t\t\t\t{\n\t\t\t\t\t\tevent   : evt,\n\t\t\t\t\t\tcallback: cb\n\t\t\t\t\t}\n\t\t\t\t);\n\t\t\t}\n\t\t}\n\t}\n})();\n<\/script><!-- Mailchimp for WordPress v4.9.7 - https:\/\/wordpress.org\/plugins\/mailchimp-for-wp\/ --><form id=\"mc4wp-form-1\" class=\"mc4wp-form mc4wp-form-1767\" method=\"post\" data-id=\"1767\" data-name=\"Feliratkoz\u00e1s\" ><div class=\"mc4wp-form-fields\"><p>\r\n    <label>N\u00e9v<\/label>\r\n    <input type=\"text\" name=\"FNAME\" required=\"\">\r\n<\/p>\r\n<p>\r\n\t<label>E-mail c\u00edm: \r\n\t\t<input type=\"email\" name=\"EMAIL\" placeholder=\"Az \u00d6n e-mail c\u00edme\" required \/>\r\n<\/label>\r\n<\/p>\r\n\r\n<p>\r\n\t<input type=\"submit\" value=\"Feliratkoz\u00e1s\" \/>\r\n<\/p><\/div><label style=\"display: none !important;\">Ha \u00d6n ember, hagyja \u00fcresen ezt a mez\u0151t: <input type=\"text\" name=\"_mc4wp_honeypot\" value=\"\" tabindex=\"-1\" autocomplete=\"off\" \/><\/label><input type=\"hidden\" name=\"_mc4wp_timestamp\" value=\"1776514871\" \/><input type=\"hidden\" name=\"_mc4wp_form_id\" value=\"1767\" \/><input type=\"hidden\" name=\"_mc4wp_form_element_id\" value=\"mc4wp-form-1\" \/><div class=\"mc4wp-response\"><\/div><\/form><!-- \/ Mailchimp for WordPress Plugin -->","protected":false},"excerpt":{"rendered":"<p>Ha szeretn\u00e9l id\u0151ben \u00e9rtes\u00fclni\u00a0leg\u00fajabb lelki anyagokr\u00f3l \u00e9s egyh\u00e1zi esem\u00e9nyekr\u0151l, akkor iratkozz fel h\u00edrlevel\u00fcnkre!<\/p>\n","protected":false},"author":1,"featured_media":0,"parent":0,"menu_order":0,"comment_status":"closed","ping_status":"closed","template":"","meta":{"footnotes":""},"class_list":["post-1764","page","type-page","status-publish","hentry","entry"],"_links":{"self":[{"href":"https:\/\/www.marista.hu\/lelkiseg\/wp-json\/wp\/v2\/pages\/1764","targetHints":{"allow":["GET"]}}],"collection":[{"href":"https:\/\/www.marista.hu\/lelkiseg\/wp-json\/wp\/v2\/pages"}],"about":[{"href":"https:\/\/www.marista.hu\/lelkiseg\/wp-json\/wp\/v2\/types\/page"}],"author":[{"embeddable":true,"href":"https:\/\/www.marista.hu\/lelkiseg\/wp-json\/wp\/v2\/users\/1"}],"replies":[{"embeddable":true,"href":"https:\/\/www.marista.hu\/lelkiseg\/wp-json\/wp\/v2\/comments?post=1764"}],"version-history":[{"count":1,"href":"https:\/\/www.marista.hu\/lelkiseg\/wp-json\/wp\/v2\/pages\/1764\/revisions"}],"predecessor-version":[{"id":1766,"href":"https:\/\/www.marista.hu\/lelkiseg\/wp-json\/wp\/v2\/pages\/1764\/revisions\/1766"}],"wp:attachment":[{"href":"https:\/\/www.marista.hu\/lelkiseg\/wp-json\/wp\/v2\/media?parent=1764"}],"curies":[{"name":"wp","href":"https:\/\/api.w.org\/{rel}","templated":true}]}}