{"id":151,"date":"2022-01-19T13:33:29","date_gmt":"2022-01-19T13:33:29","guid":{"rendered":"https:\/\/www.marista.hu\/lelkiseg\/?page_id=151"},"modified":"2022-08-23T09:51:42","modified_gmt":"2022-08-23T09:51:42","slug":"az-oldalrol","status":"publish","type":"page","link":"https:\/\/www.marista.hu\/lelkiseg\/az-oldalrol\/","title":{"rendered":"Az oldalr\u00f3l&#8230;"},"content":{"rendered":"\n<p class=\"has-medium-font-size\">A \u201eMarista Lelkis\u00e9g\u201d egy Marista Rendhez tartoz\u00f3 projekt. Egy gy\u0171jt\u0151pont, amit az eddig gy\u00e1rtott lelki dokumentumokat (im\u00e1k, id\u00e9zetek, k\u00e9pek\u2026) \u00e9s m\u00e1s forr\u00e1sb\u00f3l sz\u00e1rmaz\u00f3 anyagokat szerezt\u00fcnk. Ezzel a projekttel szeretn\u00e9nk seg\u00edteni minden hitoktat\u00f3t, csoportvezet\u0151t, h\u00edv\u0151t, fiatalt vagy id\u0151sebbet\u2026 az itt l\u00e9v\u0151 anyagokkal. Rem\u00e9lj\u00fck, hogy a szabadon let\u00f6lthet\u0151 \u00e9s haszn\u00e1lhat\u00f3 anyagokkal hasznosnak \u00e9s seg\u00edts\u00e9gnek tekintenek.<\/p>\n\n\n\n<p class=\"has-medium-font-size\">Ha t\u00f6bbet szeretn\u00e9l tudni a Marista Rendr\u0151l <a rel=\"noreferrer noopener\" href=\"https:\/\/www.marista.hu\/\" target=\"_blank\">kattintsd ide<\/a>!<\/p>\n\n\n\n<p class=\"has-medium-font-size\">Ha valamelyik javaslatot, vagy hozz\u00e1sz\u00f3l\u00e1st szeretn\u00e9l tenni r\u00e9sz\u00fcnkre, \u00edrd a k\u00f6vetkez\u0151 e-mail c\u00edmre: <a href=\"mailto:lelkiseg@marista.hu\">lelkiseg@marista.hu<\/a><\/p>\n","protected":false},"excerpt":{"rendered":"<p>A \u201eMarista Lelkis\u00e9g\u201d egy Marista Rendhez tartoz\u00f3 projekt. Egy gy\u0171jt\u0151pont, amit az eddig gy\u00e1rtott lelki dokumentumokat (im\u00e1k, id\u00e9zetek, k\u00e9pek\u2026) \u00e9s m\u00e1s forr\u00e1sb\u00f3l sz\u00e1rmaz\u00f3 anyagokat szerezt\u00fcnk. Ezzel a projekttel szeretn\u00e9nk seg\u00edteni minden hitoktat\u00f3t, csoportvezet\u0151t, h\u00edv\u0151t, fiatalt vagy id\u0151sebbet\u2026 az itt l\u00e9v\u0151 anyagokkal. Rem\u00e9lj\u00fck, hogy a szabadon let\u00f6lthet\u0151 \u00e9s haszn\u00e1lhat\u00f3 anyagokkal hasznosnak \u00e9s seg\u00edts\u00e9gnek tekintenek. Ha t\u00f6bbet [&hellip;]<\/p>\n","protected":false},"author":1,"featured_media":153,"parent":0,"menu_order":0,"comment_status":"closed","ping_status":"closed","template":"","meta":{"footnotes":""},"class_list":["post-151","page","type-page","status-publish","has-post-thumbnail","hentry","entry","has-media"],"_links":{"self":[{"href":"https:\/\/www.marista.hu\/lelkiseg\/wp-json\/wp\/v2\/pages\/151","targetHints":{"allow":["GET"]}}],"collection":[{"href":"https:\/\/www.marista.hu\/lelkiseg\/wp-json\/wp\/v2\/pages"}],"about":[{"href":"https:\/\/www.marista.hu\/lelkiseg\/wp-json\/wp\/v2\/types\/page"}],"author":[{"embeddable":true,"href":"https:\/\/www.marista.hu\/lelkiseg\/wp-json\/wp\/v2\/users\/1"}],"replies":[{"embeddable":true,"href":"https:\/\/www.marista.hu\/lelkiseg\/wp-json\/wp\/v2\/comments?post=151"}],"version-history":[{"count":6,"href":"https:\/\/www.marista.hu\/lelkiseg\/wp-json\/wp\/v2\/pages\/151\/revisions"}],"predecessor-version":[{"id":1656,"href":"https:\/\/www.marista.hu\/lelkiseg\/wp-json\/wp\/v2\/pages\/151\/revisions\/1656"}],"wp:featuredmedia":[{"embeddable":true,"href":"https:\/\/www.marista.hu\/lelkiseg\/wp-json\/wp\/v2\/media\/153"}],"wp:attachment":[{"href":"https:\/\/www.marista.hu\/lelkiseg\/wp-json\/wp\/v2\/media?parent=151"}],"curies":[{"name":"wp","href":"https:\/\/api.w.org\/{rel}","templated":true}]}}