{"id":3904,"date":"2021-03-28T14:01:58","date_gmt":"2021-03-28T13:01:58","guid":{"rendered":"http:\/\/www.marista.hu\/?page_id=3904"},"modified":"2021-04-04T07:24:43","modified_gmt":"2021-04-04T06:24:43","slug":"nagyhet-2021","status":"publish","type":"page","link":"https:\/\/www.marista.hu\/?page_id=3904","title":{"rendered":"Nagyh\u00e9t 2021."},"content":{"rendered":"\n<p>A j\u00e1rv\u00e1ny idej\u00e9n ezzel az egyszer\u0171 PDF dokumentumokkal szeretn\u00e9nk neked aj\u00e1nlani n\u00e9h\u00e1ny gondolatot, hogy otthon is tudd m\u00e9lyen \u00e1t\u00e9lni Krisztus k\u00ednszenved\u00e9s\u00e9t, hal\u00e1l\u00e1t \u00e9s felt\u00e1mad\u00e1s\u00e1t.<\/p>\n\n\n\n<p>T\u00f6ltsd le a PDF dokumentumokat, hogy a linkek haszn\u00e1lhat\u00f3k legyenek!<\/p>\n\n\n\n<div class=\"wp-block-media-text alignwide is-stacked-on-mobile\" style=\"grid-template-columns:30% auto\"><figure class=\"wp-block-media-text__media\"><a href=\"https:\/\/www.marista.hu\/wp-content\/uploads\/Vir\u00e1gvas\u00e1rnap-f\u0151lap_compressed.pdf\" target=\"_blank\" rel=\"noopener noreferrer\"><img loading=\"lazy\" decoding=\"async\" width=\"352\" height=\"200\" src=\"https:\/\/www.marista.hu\/wp-content\/uploads\/Vir\u00e1gvas\u00e1rnap-1.jpg\" alt=\"\" class=\"wp-image-3916\" srcset=\"https:\/\/www.marista.hu\/wp-content\/uploads\/Vir\u00e1gvas\u00e1rnap-1.jpg 352w, https:\/\/www.marista.hu\/wp-content\/uploads\/Vir\u00e1gvas\u00e1rnap-1-300x170.jpg 300w\" sizes=\"(max-width: 352px) 100vw, 352px\" \/><\/a><\/figure><div class=\"wp-block-media-text__content\">\n<p class=\"has-large-font-size\"><a href=\"https:\/\/www.marista.hu\/wp-content\/uploads\/Vir\u00e1gvas\u00e1rnap-f\u0151lap_compressed.pdf\" target=\"_blank\" rel=\"noreferrer noopener\">Vir\u00e1gvas\u00e1rnap<\/a><\/p>\n\n\n\n<p>A Vir\u00e1gvas\u00e1rnappal kezd\u0151d\u0151 nagyh\u00e9t az egyh\u00e1zi \u00e9v leggazdagabb id\u0151szaka. Az Egyh\u00e1z kifejezi hit\u00e9t, miszerint a dics\u0151s\u00e9ges bevonul\u00e1s kezdete annak az esem\u00e9nysornak, amely J\u00e9zus szenved\u00e9s\u00e9vel \u00e9s hal\u00e1l\u00e1val folytat\u00f3dik, majd felt\u00e1mad\u00e1s\u00e1val teljesedik be elhozva sz\u00e1munkra a megv\u00e1lt\u00e1st, amely minden h\u00edv\u0151ben az \u00f6r\u00f6k \u00e9let rem\u00e9ny\u00e9t t\u00e1pl\u00e1lja. A mostani Vir\u00e1gvas\u00e1rnap egy saj\u00e1tos lehet\u0151s\u00e9get ad a sz\u00e1munkra, hogy az \u00dar szenved\u00e9s\u00e9nek meg\u00fcnnepl\u00e9se k\u00fcl\u00f6n\u00f6s m\u00f3don er\u0151s\u00edtsen meg benn\u00fcnket a vil\u00e1gj\u00e1rv\u00e1ny idej\u00e9n.<\/p>\n<\/div><\/div>\n\n\n\n<div class=\"wp-block-media-text alignwide is-stacked-on-mobile\" style=\"grid-template-columns:30% auto\"><figure class=\"wp-block-media-text__media\"><a href=\"https:\/\/www.marista.hu\/wp-content\/uploads\/Nagycs\u00fct\u00f6rt\u00f6k-f\u0151lap_compressed.pdf\" target=\"_blank\" rel=\"noopener noreferrer\"><img loading=\"lazy\" decoding=\"async\" width=\"358\" height=\"200\" src=\"https:\/\/www.marista.hu\/wp-content\/uploads\/Nagycs\u00fct\u00f6rt\u00f6k-1.jpg\" alt=\"\" class=\"wp-image-3914\" srcset=\"https:\/\/www.marista.hu\/wp-content\/uploads\/Nagycs\u00fct\u00f6rt\u00f6k-1.jpg 358w, https:\/\/www.marista.hu\/wp-content\/uploads\/Nagycs\u00fct\u00f6rt\u00f6k-1-300x168.jpg 300w\" sizes=\"(max-width: 358px) 100vw, 358px\" \/><\/a><\/figure><div class=\"wp-block-media-text__content\">\n<p class=\"has-large-font-size\"><a href=\"https:\/\/www.marista.hu\/wp-content\/uploads\/Nagycs\u00fct\u00f6rt\u00f6k-f\u0151lap_compressed.pdf\" target=\"_blank\" rel=\"noreferrer noopener\">Nagycs\u00fct\u00f6rt\u00f6k<\/a><\/p>\n\n\n\n<p>Az utols\u00f3 vacsor\u00e1ra eml\u00e9kez\u00fcnk mi, kereszt\u00e9nyek. Az egyetlen nagymis\u00e9n egyszerre sz\u00f3lalnak meg Gl\u00f3ri\u00e1ra az orgona, a cseng\u0151k \u00e9s a harangok, hogy azt\u00e1n nagyszombatig elhallgassanak. A harangokat a fi\u00fak kerepl\u0151kkel helyettes\u00edtett\u00e9k. J\u00e9zus az utols\u00f3 vacsor\u00e1n elmondja balj\u00f3s el\u0151\u00e9rzeteit, besz\u00e9l a felt\u00e1mad\u00e1sr\u00f3l, keny\u00e9rrel &#8222;Vegy\u00e9tek, ez az \u00e9n testem&#8221; \u00e9s borral &#8221; Igyatok ebb\u0151l, mert ez az \u00e9n v\u00e9rem&#8221; k\u00edn\u00e1lja tan\u00edtv\u00e1nyait, majd megmossa l\u00e1bukat, p\u00e9ld\u00e1t adva nekik.<\/p>\n<\/div><\/div>\n\n\n\n<div class=\"wp-block-media-text alignwide is-stacked-on-mobile\" style=\"grid-template-columns:30% auto\"><figure class=\"wp-block-media-text__media\"><a href=\"https:\/\/www.marista.hu\/wp-content\/uploads\/Nagyp\u00e9ntek-f\u0151lap_compressed.pdf\" target=\"_blank\" rel=\"noopener noreferrer\"><img loading=\"lazy\" decoding=\"async\" width=\"960\" height=\"540\" src=\"https:\/\/www.marista.hu\/wp-content\/uploads\/Nagyp\u00e9ntek.jpg\" alt=\"\" class=\"wp-image-3936\" srcset=\"https:\/\/www.marista.hu\/wp-content\/uploads\/Nagyp\u00e9ntek.jpg 960w, https:\/\/www.marista.hu\/wp-content\/uploads\/Nagyp\u00e9ntek-300x169.jpg 300w, https:\/\/www.marista.hu\/wp-content\/uploads\/Nagyp\u00e9ntek-768x432.jpg 768w\" sizes=\"(max-width: 960px) 100vw, 960px\" \/><\/a><\/figure><div class=\"wp-block-media-text__content\">\n<p class=\"has-large-font-size\"><a href=\"https:\/\/www.marista.hu\/wp-content\/uploads\/Nagyp\u00e9ntek-f\u0151lap_compressed.pdf\" target=\"_blank\" rel=\"noreferrer noopener\">Nagyp\u00e9ntek<\/a><\/p>\n\n\n\n<p>Nagyp\u00e9ntek az egyh\u00e1zi \u00e9v legcsendesebb napja, amikor J\u00e9zus el\u00edt\u00e9l\u00e9s\u00e9re, megk\u00ednz\u00e1s\u00e1ra, hal\u00e1l\u00e1ra \u00e9s temet\u00e9s\u00e9re eml\u00e9kez\u00fcnk. Ezen a napon nincs szentmise.<\/p>\n<\/div><\/div>\n\n\n\n<div class=\"wp-block-media-text alignwide is-stacked-on-mobile\" style=\"grid-template-columns:30% auto\"><figure class=\"wp-block-media-text__media\"><a href=\"https:\/\/www.marista.hu\/wp-content\/uploads\/Nagyszombat-f\u0151lap_compressed.pdf\" target=\"_blank\" rel=\"noopener noreferrer\"><img loading=\"lazy\" decoding=\"async\" width=\"1024\" height=\"576\" src=\"https:\/\/www.marista.hu\/wp-content\/uploads\/Nagyszombat-1-1024x576.jpg\" alt=\"\" class=\"wp-image-3939\" srcset=\"https:\/\/www.marista.hu\/wp-content\/uploads\/Nagyszombat-1-1024x576.jpg 1024w, https:\/\/www.marista.hu\/wp-content\/uploads\/Nagyszombat-1-300x169.jpg 300w, https:\/\/www.marista.hu\/wp-content\/uploads\/Nagyszombat-1-768x432.jpg 768w, https:\/\/www.marista.hu\/wp-content\/uploads\/Nagyszombat-1.jpg 1200w\" sizes=\"(max-width: 1024px) 100vw, 1024px\" \/><\/a><\/figure><div class=\"wp-block-media-text__content\">\n<p class=\"has-large-font-size\"><a href=\"https:\/\/www.marista.hu\/wp-content\/uploads\/Nagyszombat-f\u0151lap_compressed.pdf\" target=\"_blank\" rel=\"noreferrer noopener\">Nagyszombat<\/a><\/p>\n\n\n\n<p>Nagyszombaton az egyh\u00e1z Krisztus szenved\u00e9s\u00e9r\u0151l \u00e9s hal\u00e1l\u00e1r\u00f3l elm\u00e9lkedik a szents\u00edr el\u0151tt id\u0151zve. Ekkor Krisztus a s\u00edrban fekszik, a vil\u00e1g elcsendesedett, a szavak eln\u00e9multak, a harangok nem sz\u00f3lnak, az apostolok, a tan\u00edtv\u00e1nyok, az asszonyok mind-mind a szavakat keresik, a folytat\u00e1st v\u00e1rj\u00e1k.<\/p>\n<\/div><\/div>\n\n\n\n<div class=\"wp-block-media-text alignwide is-stacked-on-mobile\" style=\"grid-template-columns:30% auto\"><figure class=\"wp-block-media-text__media\"><a href=\"https:\/\/www.marista.hu\/wp-content\/uploads\/H\u00fasv\u00e9tvas\u00e1rnap-f\u0151lap_compressed.pdf\" target=\"_blank\" rel=\"noopener noreferrer\"><img loading=\"lazy\" decoding=\"async\" width=\"1024\" height=\"576\" src=\"https:\/\/www.marista.hu\/wp-content\/uploads\/H\u00fasv\u00e9tvas\u00e1rnap-1024x576.jpg\" alt=\"\" class=\"wp-image-3941\" srcset=\"https:\/\/www.marista.hu\/wp-content\/uploads\/H\u00fasv\u00e9tvas\u00e1rnap-1024x576.jpg 1024w, https:\/\/www.marista.hu\/wp-content\/uploads\/H\u00fasv\u00e9tvas\u00e1rnap-300x169.jpg 300w, https:\/\/www.marista.hu\/wp-content\/uploads\/H\u00fasv\u00e9tvas\u00e1rnap-768x432.jpg 768w, https:\/\/www.marista.hu\/wp-content\/uploads\/H\u00fasv\u00e9tvas\u00e1rnap.jpg 1200w\" sizes=\"(max-width: 1024px) 100vw, 1024px\" \/><\/a><\/figure><div class=\"wp-block-media-text__content\">\n<p class=\"has-large-font-size\"><a href=\"https:\/\/www.marista.hu\/wp-content\/uploads\/H\u00fasv\u00e9tvas\u00e1rnap-f\u0151lap_compressed.pdf\" target=\"_blank\" rel=\"noreferrer noopener\">H\u00fasv\u00e9tv\u00e1s\u00e1rnap<\/a><\/p>\n\n\n\n<p>H\u00fasv\u00e9t legnagyobb \u00fcnnep\u00fcnk. A csal\u00e1dban \u00fcnnepelve apr\u00f3 gesztusokkal, jelekkel tudjuk \u00e9rz\u00e9keltetni, hogy a hit\u00fcnk k\u00f6z\u00e9ppontj\u00e1ban \u00e1ll\u00f3 miszt\u00e9riumnak eg\u00e9szen k\u00fcl\u00f6nleges jelent\u0151s\u00e9ge van.<\/p>\n<\/div><\/div>\n","protected":false},"excerpt":{"rendered":"<p>A j\u00e1rv\u00e1ny idej\u00e9n ezzel az egyszer\u0171 PDF dokumentumokkal szeretn\u00e9nk neked aj\u00e1nlani n\u00e9h\u00e1ny gondolatot, hogy otthon is tudd m\u00e9lyen \u00e1t\u00e9lni Krisztus k\u00ednszenved\u00e9s\u00e9t, hal\u00e1l\u00e1t \u00e9s felt\u00e1mad\u00e1s\u00e1t. T\u00f6ltsd le a PDF dokumentumokat, hogy a linkek haszn\u00e1lhat\u00f3k legyenek! Vir\u00e1gvas\u00e1rnap A Vir\u00e1gvas\u00e1rnappal kezd\u0151d\u0151 nagyh\u00e9t az<\/p>\n","protected":false},"author":8,"featured_media":0,"parent":0,"menu_order":0,"comment_status":"closed","ping_status":"closed","template":"","meta":{"footnotes":""},"_links":{"self":[{"href":"https:\/\/www.marista.hu\/index.php?rest_route=\/wp\/v2\/pages\/3904"}],"collection":[{"href":"https:\/\/www.marista.hu\/index.php?rest_route=\/wp\/v2\/pages"}],"about":[{"href":"https:\/\/www.marista.hu\/index.php?rest_route=\/wp\/v2\/types\/page"}],"author":[{"embeddable":true,"href":"https:\/\/www.marista.hu\/index.php?rest_route=\/wp\/v2\/users\/8"}],"replies":[{"embeddable":true,"href":"https:\/\/www.marista.hu\/index.php?rest_route=%2Fwp%2Fv2%2Fcomments&post=3904"}],"version-history":[{"count":15,"href":"https:\/\/www.marista.hu\/index.php?rest_route=\/wp\/v2\/pages\/3904\/revisions"}],"predecessor-version":[{"id":3961,"href":"https:\/\/www.marista.hu\/index.php?rest_route=\/wp\/v2\/pages\/3904\/revisions\/3961"}],"wp:attachment":[{"href":"https:\/\/www.marista.hu\/index.php?rest_route=%2Fwp%2Fv2%2Fmedia&parent=3904"}],"curies":[{"name":"wp","href":"https:\/\/api.w.org\/{rel}","templated":true}]}}