{"id":364,"date":"2013-10-01T14:59:53","date_gmt":"2013-10-01T14:59:53","guid":{"rendered":"http:\/\/www.marista.hu\/?page_id=364"},"modified":"2013-10-17T14:14:23","modified_gmt":"2013-10-17T14:14:23","slug":"jeloltseg-idoszak","status":"publish","type":"page","link":"https:\/\/www.marista.hu\/?page_id=364","title":{"rendered":"Jel\u00f6lts\u00e9g id\u0151szak"},"content":{"rendered":"<p style=\"text-align: justify;\"><a href=\"https:\/\/www.marista.hu\/wp-content\/uploads\/247.jpg\"><img loading=\"lazy\" decoding=\"async\" class=\"alignleft size-medium wp-image-450\" alt=\"247\" src=\"https:\/\/www.marista.hu\/wp-content\/uploads\/247-300x192.jpg\" width=\"300\" height=\"192\" srcset=\"https:\/\/www.marista.hu\/wp-content\/uploads\/247-300x192.jpg 300w, https:\/\/www.marista.hu\/wp-content\/uploads\/247.jpg 640w\" sizes=\"(max-width: 300px) 100vw, 300px\" \/><\/a>A jel\u00f6lts\u00e9g id\u0151szaka legf\u0151bb c\u00e9lja folytatni a hivat\u00e1s felismer\u00e9st, de m\u00e1r egy apostoli k\u00f6z\u00f6ss\u00e9gben, hogy megismerd milyen is ez a k\u00f6z\u00f6ss\u00e9g, \u00e9s hogy felismerd k\u00e9pes vagy-e k\u00f6vetni J\u00e9zus \u00e9s az \u0151 evang\u00e9lium\u00e1t a marista \u00e9letben. (id\u0151tartalma legal\u00e1bb hat h\u00f3nap.)<\/p>\n","protected":false},"excerpt":{"rendered":"<p>A jel\u00f6lts\u00e9g id\u0151szaka legf\u0151bb c\u00e9lja folytatni a hivat\u00e1s felismer\u00e9st, de m\u00e1r egy apostoli k\u00f6z\u00f6ss\u00e9gben, hogy megismerd milyen is ez a k\u00f6z\u00f6ss\u00e9g, \u00e9s hogy felismerd k\u00e9pes vagy-e k\u00f6vetni J\u00e9zus \u00e9s az \u0151 evang\u00e9lium\u00e1t a marista \u00e9letben. (id\u0151tartalma legal\u00e1bb hat h\u00f3nap.)<\/p>\n","protected":false},"author":8,"featured_media":0,"parent":360,"menu_order":2,"comment_status":"closed","ping_status":"closed","template":"","meta":{"footnotes":""},"_links":{"self":[{"href":"https:\/\/www.marista.hu\/index.php?rest_route=\/wp\/v2\/pages\/364"}],"collection":[{"href":"https:\/\/www.marista.hu\/index.php?rest_route=\/wp\/v2\/pages"}],"about":[{"href":"https:\/\/www.marista.hu\/index.php?rest_route=\/wp\/v2\/types\/page"}],"author":[{"embeddable":true,"href":"https:\/\/www.marista.hu\/index.php?rest_route=\/wp\/v2\/users\/8"}],"replies":[{"embeddable":true,"href":"https:\/\/www.marista.hu\/index.php?rest_route=%2Fwp%2Fv2%2Fcomments&post=364"}],"version-history":[{"count":3,"href":"https:\/\/www.marista.hu\/index.php?rest_route=\/wp\/v2\/pages\/364\/revisions"}],"predecessor-version":[{"id":541,"href":"https:\/\/www.marista.hu\/index.php?rest_route=\/wp\/v2\/pages\/364\/revisions\/541"}],"up":[{"embeddable":true,"href":"https:\/\/www.marista.hu\/index.php?rest_route=\/wp\/v2\/pages\/360"}],"wp:attachment":[{"href":"https:\/\/www.marista.hu\/index.php?rest_route=%2Fwp%2Fv2%2Fmedia&parent=364"}],"curies":[{"name":"wp","href":"https:\/\/api.w.org\/{rel}","templated":true}]}}