{"id":362,"date":"2013-10-01T14:57:53","date_gmt":"2013-10-01T14:57:53","guid":{"rendered":"http:\/\/www.marista.hu\/?page_id=362"},"modified":"2013-10-17T14:12:55","modified_gmt":"2013-10-17T14:12:55","slug":"kereses-ideje","status":"publish","type":"page","link":"https:\/\/www.marista.hu\/?page_id=362","title":{"rendered":"Keres\u00e9s ideje"},"content":{"rendered":"<p style=\"text-align: justify;\"><a href=\"https:\/\/www.marista.hu\/wp-content\/uploads\/2012020702.jpg\"><img loading=\"lazy\" decoding=\"async\" class=\"alignleft size-medium wp-image-539\" alt=\"2012020702\" src=\"https:\/\/www.marista.hu\/wp-content\/uploads\/2012020702-300x197.jpg\" width=\"300\" height=\"197\" srcset=\"https:\/\/www.marista.hu\/wp-content\/uploads\/2012020702-300x197.jpg 300w, https:\/\/www.marista.hu\/wp-content\/uploads\/2012020702.jpg 584w\" sizes=\"(max-width: 300px) 100vw, 300px\" \/><\/a>Tal\u00e1lkoz\u00e1sok egy testv\u00e9rrel, aki k\u00eds\u00e9r t\u00e9ged \u00e9s te hagyod, hogy k\u00eds\u00e9rjen. Ez a megismer\u00e9s, az elfogad\u00e1s, \u00f6nmagad lek\u00fczd\u00e9s\u00e9nek \u00e9s az Evang\u00e9liumhoz val\u00f3 alakul\u00e1sodnak az ideje. E n\u00e9lk\u00fcl az el\u0151zetes tiszt\u00e1nl\u00e1t\u00e1s n\u00e9lk\u00fcl nem lehet a k\u00f6vetkez\u0151 szintre l\u00e9pni. Rendszeresen kell tal\u00e1lkoznod lelki vezet\u0151ddel. Amikor \u0151 \u00fagy l\u00e1tja, hogy k\u00e9szen \u00e1llsz arra, hogy d\u00f6nt\u00e9st hozz\u00e1l, javasolni fogja, hogy l\u00e9pj tov\u00e1bb a k\u00f6vetkez\u0151 szintre.<br \/>\nHa kapcsolatba k\u00edv\u00e1nsz l\u00e9pni egy testv\u00e9rrel, aki t\u00e9ged elk\u00eds\u00e9r\/ lelki vezet\u0151d lesz:<\/p>\n<p>\u00a0<a href=\"mailto:jaumebof@maristes.net\">jaumebof@maristes.net<\/a><\/p>\n<p><a href=\"mailto:ptristany@gmail.com\">ptristany@gmail.com<\/a><\/p>\n","protected":false},"excerpt":{"rendered":"<p>Tal\u00e1lkoz\u00e1sok egy testv\u00e9rrel, aki k\u00eds\u00e9r t\u00e9ged \u00e9s te hagyod, hogy k\u00eds\u00e9rjen. Ez a megismer\u00e9s, az elfogad\u00e1s, \u00f6nmagad lek\u00fczd\u00e9s\u00e9nek \u00e9s az Evang\u00e9liumhoz val\u00f3 alakul\u00e1sodnak az ideje. E n\u00e9lk\u00fcl az el\u0151zetes tiszt\u00e1nl\u00e1t\u00e1s n\u00e9lk\u00fcl nem lehet a k\u00f6vetkez\u0151 szintre l\u00e9pni. Rendszeresen kell tal\u00e1lkoznod<\/p>\n","protected":false},"author":8,"featured_media":0,"parent":360,"menu_order":1,"comment_status":"closed","ping_status":"closed","template":"","meta":{"footnotes":""},"_links":{"self":[{"href":"https:\/\/www.marista.hu\/index.php?rest_route=\/wp\/v2\/pages\/362"}],"collection":[{"href":"https:\/\/www.marista.hu\/index.php?rest_route=\/wp\/v2\/pages"}],"about":[{"href":"https:\/\/www.marista.hu\/index.php?rest_route=\/wp\/v2\/types\/page"}],"author":[{"embeddable":true,"href":"https:\/\/www.marista.hu\/index.php?rest_route=\/wp\/v2\/users\/8"}],"replies":[{"embeddable":true,"href":"https:\/\/www.marista.hu\/index.php?rest_route=%2Fwp%2Fv2%2Fcomments&post=362"}],"version-history":[{"count":4,"href":"https:\/\/www.marista.hu\/index.php?rest_route=\/wp\/v2\/pages\/362\/revisions"}],"predecessor-version":[{"id":540,"href":"https:\/\/www.marista.hu\/index.php?rest_route=\/wp\/v2\/pages\/362\/revisions\/540"}],"up":[{"embeddable":true,"href":"https:\/\/www.marista.hu\/index.php?rest_route=\/wp\/v2\/pages\/360"}],"wp:attachment":[{"href":"https:\/\/www.marista.hu\/index.php?rest_route=%2Fwp%2Fv2%2Fmedia&parent=362"}],"curies":[{"name":"wp","href":"https:\/\/api.w.org\/{rel}","templated":true}]}}