{"id":354,"date":"2013-10-01T14:55:43","date_gmt":"2013-10-01T14:55:43","guid":{"rendered":"http:\/\/www.marista.hu\/?page_id=354"},"modified":"2013-10-17T13:42:01","modified_gmt":"2013-10-17T13:42:01","slug":"imadsag","status":"publish","type":"page","link":"https:\/\/www.marista.hu\/?page_id=354","title":{"rendered":"Imads\u00e1g"},"content":{"rendered":"<p style=\"text-align: justify;\"><a href=\"https:\/\/www.marista.hu\/wp-content\/uploads\/DSC00538.jpg\"><img loading=\"lazy\" decoding=\"async\" class=\" wp-image-459 alignleft\" alt=\"DSC00538\" src=\"https:\/\/www.marista.hu\/wp-content\/uploads\/DSC00538-300x225.jpg\" width=\"300\" height=\"225\" srcset=\"https:\/\/www.marista.hu\/wp-content\/uploads\/DSC00538-300x225.jpg 300w, https:\/\/www.marista.hu\/wp-content\/uploads\/DSC00538.jpg 1024w\" sizes=\"(max-width: 300px) 100vw, 300px\" \/><\/a>Az im\u00e1ds\u00e1g sz\u00e1munkra egy alapvet\u0151 sz\u00fcks\u00e9glet. Ez Istennek szentelt \u00e9let\u00fcnk forr\u00e1sa, amely t\u00e1pl\u00e1lja az Istennel val\u00f3 kapcsolatunkat. Elm\u00e9ly\u00fcl\u00e9sre \u00e9s bels\u0151 csendre van sz\u00fcks\u00e9g\u00fcnk ahhoz, hogy figyelni tudjunk a L\u00e9lekre, amely benn\u00fcnk lakozik \u00e9s im\u00e1dkozik.\u00a0 A napi mise, a reggeli \u00e9s az esti zsolozsma (az ima\u00f3r\u00e1k), a szem\u00e9lyes elm\u00e9lked\u00e9s, a lelki olvasm\u00e1nyok, a lelkiismeret-vizsg\u00e1lat. Ezek azok a dolgok, amelyek seg\u00edtenek abban, hogy a nap folyam\u00e1n meg\u00e9lj\u00fck Isten jelen\u00e9t\u00e9t. \u00c9rtelmet adnak \u00e9letm\u00f3dunknak \u00e9s cselekedeteinknek.<\/p>\n","protected":false},"excerpt":{"rendered":"<p>Az im\u00e1ds\u00e1g sz\u00e1munkra egy alapvet\u0151 sz\u00fcks\u00e9glet. Ez Istennek szentelt \u00e9let\u00fcnk forr\u00e1sa, amely t\u00e1pl\u00e1lja az Istennel val\u00f3 kapcsolatunkat. Elm\u00e9ly\u00fcl\u00e9sre \u00e9s bels\u0151 csendre van sz\u00fcks\u00e9g\u00fcnk ahhoz, hogy figyelni tudjunk a L\u00e9lekre, amely benn\u00fcnk lakozik \u00e9s im\u00e1dkozik.\u00a0 A napi mise, a reggeli \u00e9s<\/p>\n","protected":false},"author":8,"featured_media":0,"parent":350,"menu_order":2,"comment_status":"closed","ping_status":"closed","template":"","meta":{"footnotes":""},"_links":{"self":[{"href":"https:\/\/www.marista.hu\/index.php?rest_route=\/wp\/v2\/pages\/354"}],"collection":[{"href":"https:\/\/www.marista.hu\/index.php?rest_route=\/wp\/v2\/pages"}],"about":[{"href":"https:\/\/www.marista.hu\/index.php?rest_route=\/wp\/v2\/types\/page"}],"author":[{"embeddable":true,"href":"https:\/\/www.marista.hu\/index.php?rest_route=\/wp\/v2\/users\/8"}],"replies":[{"embeddable":true,"href":"https:\/\/www.marista.hu\/index.php?rest_route=%2Fwp%2Fv2%2Fcomments&post=354"}],"version-history":[{"count":3,"href":"https:\/\/www.marista.hu\/index.php?rest_route=\/wp\/v2\/pages\/354\/revisions"}],"predecessor-version":[{"id":518,"href":"https:\/\/www.marista.hu\/index.php?rest_route=\/wp\/v2\/pages\/354\/revisions\/518"}],"up":[{"embeddable":true,"href":"https:\/\/www.marista.hu\/index.php?rest_route=\/wp\/v2\/pages\/350"}],"wp:attachment":[{"href":"https:\/\/www.marista.hu\/index.php?rest_route=%2Fwp%2Fv2%2Fmedia&parent=354"}],"curies":[{"name":"wp","href":"https:\/\/api.w.org\/{rel}","templated":true}]}}