{"id":340,"date":"2013-10-01T14:50:48","date_gmt":"2013-10-01T14:50:48","guid":{"rendered":"http:\/\/www.marista.hu\/?page_id=340"},"modified":"2013-10-17T14:26:09","modified_gmt":"2013-10-17T14:26:09","slug":"a-szarmaszasunk","status":"publish","type":"page","link":"https:\/\/www.marista.hu\/?page_id=340","title":{"rendered":"A sz\u00e1rmaz\u00e1sunk"},"content":{"rendered":"<p style=\"text-align: justify;\"><a href=\"https:\/\/www.marista.hu\/wp-content\/uploads\/imagesCAY38P32.jpg\"><img loading=\"lazy\" decoding=\"async\" class=\"size-medium wp-image-469 alignleft\" alt=\"imagesCAY38P32\" src=\"https:\/\/www.marista.hu\/wp-content\/uploads\/imagesCAY38P32-300x158.jpg\" width=\"300\" height=\"158\" srcset=\"https:\/\/www.marista.hu\/wp-content\/uploads\/imagesCAY38P32-300x158.jpg 300w, https:\/\/www.marista.hu\/wp-content\/uploads\/imagesCAY38P32.jpg 309w\" sizes=\"(max-width: 300px) 100vw, 300px\" \/><\/a>A rend alap\u00edt\u00f3ja egy francia pap, Champagnat Szent Marcellin volt (1789-1840). Olyan id\u0151ben \u00e9lt, amikor Eur\u00f3p\u00e1ban nagy kultur\u00e1lis, politikai \u00e9s gazdas\u00e1gi felfordul\u00e1s volt, amelyet egyar\u00e1nt jellemezte egyfajta t\u00e1rsadalmi \u00e9s egyh\u00e1zi v\u00e1ls\u00e1g.\u00a0 Ilyen k\u00f6rnyezetben nevelkedett \u00e9s tanult Champagnat. Ez volt az a h\u00e1tt\u00e9r, amely Marcellint a M\u00e1ria kistestv\u00e9rei szerzetes int\u00e9zm\u00e9ny\u00e9nek alap\u00edt\u00e1s\u00e1ra \u00f6szt\u00f6n\u00f6zte, amelynek tagjait Marista Testv\u00e9rk\u00e9nt ismerik szerte a vil\u00e1gon. Marcellin, amikor l\u00e1tta azokat a gyermekeket \u00e9s fiatalokat, akiknek nem volt lehet\u0151s\u00e9ge tanulni, akik sem olvasni, sem \u00edrni nem tudtak, akik nem ismert\u00e9k sem Istent, \u00e9s sem a katekizmust, \u00edgy ki\u00e1ltott: &#8222;Testv\u00e9rekre van sz\u00fcks\u00e9g\u00fcnk\u201d.\u00a0 &#8222;Nem n\u00e9zhetem, hogy \u00e9lnek olyan gyermekek , akiben nincs meg a v\u00e1gy arra, hogy megismerj\u00e9k a katekizmust. Nem \u00e9lhetek \u00fagy, hogy ne mondjam el ezeknek a gyermekeknek, hogy J\u00e9zus mennyire szereti \u0151ket.\u201d \u00cdgy sz\u00fcletett meg a M\u00e1ria Iskolatestv\u00e9rek misszi\u00f3ja: \u201eMegismertetni \u00e9s megszerettetni J\u00e9zus Krisztust.\u201d<a href=\"https:\/\/www.marista.hu\/wp-content\/uploads\/00-1.jpg\"><img loading=\"lazy\" decoding=\"async\" class=\"size-medium wp-image-483 alignright\" alt=\"00 (1)\" src=\"https:\/\/www.marista.hu\/wp-content\/uploads\/00-1-300x200.jpg\" width=\"300\" height=\"200\" srcset=\"https:\/\/www.marista.hu\/wp-content\/uploads\/00-1-300x200.jpg 300w, https:\/\/www.marista.hu\/wp-content\/uploads\/00-1.jpg 1024w\" sizes=\"(max-width: 300px) 100vw, 300px\" \/><\/a><\/p>\n<p style=\"text-align: justify;\">Marcellin Champagnat teh\u00e1t a mozgat\u00f3rug\u00f3ja a marista nevel\u00e9si form\u00e1nak. B\u00e1r v\u00e1ltoznak az id\u0151k \u00e9s a k\u00f6r\u00fclm\u00e9nyek, de Champagnat lelk\u00fclete\u00a0 \u00e9s l\u00e1t\u00e1sm\u00f3dja tov\u00e1bb \u00e9l sz\u00edv\u00fcnkben. Isten arra v\u00e1lasztotta ki \u0150t, hogy abban az id\u0151ben, amikor \u00e9lt elhozza kor\u00e1nak J\u00e9zus szeretet\u00e9nek \u00fczenet\u00e9t \u00e9s a rem\u00e9nyt. Minket is Isten \u00f6szt\u00f6n\u00f6z arra, hogy p\u00e9ld\u00e1j\u00e1t k\u00f6vetv\u00e9n, ugyanezt tegy\u00fck ott, ahol mi \u00e9l\u00fcnk.<\/p>\n","protected":false},"excerpt":{"rendered":"<p>A rend alap\u00edt\u00f3ja egy francia pap, Champagnat Szent Marcellin volt (1789-1840). Olyan id\u0151ben \u00e9lt, amikor Eur\u00f3p\u00e1ban nagy kultur\u00e1lis, politikai \u00e9s gazdas\u00e1gi felfordul\u00e1s volt, amelyet egyar\u00e1nt jellemezte egyfajta t\u00e1rsadalmi \u00e9s egyh\u00e1zi v\u00e1ls\u00e1g.\u00a0 Ilyen k\u00f6rnyezetben nevelkedett \u00e9s tanult Champagnat. Ez volt az<\/p>\n","protected":false},"author":8,"featured_media":0,"parent":334,"menu_order":2,"comment_status":"closed","ping_status":"closed","template":"","meta":{"footnotes":""},"_links":{"self":[{"href":"https:\/\/www.marista.hu\/index.php?rest_route=\/wp\/v2\/pages\/340"}],"collection":[{"href":"https:\/\/www.marista.hu\/index.php?rest_route=\/wp\/v2\/pages"}],"about":[{"href":"https:\/\/www.marista.hu\/index.php?rest_route=\/wp\/v2\/types\/page"}],"author":[{"embeddable":true,"href":"https:\/\/www.marista.hu\/index.php?rest_route=\/wp\/v2\/users\/8"}],"replies":[{"embeddable":true,"href":"https:\/\/www.marista.hu\/index.php?rest_route=%2Fwp%2Fv2%2Fcomments&post=340"}],"version-history":[{"count":5,"href":"https:\/\/www.marista.hu\/index.php?rest_route=\/wp\/v2\/pages\/340\/revisions"}],"predecessor-version":[{"id":551,"href":"https:\/\/www.marista.hu\/index.php?rest_route=\/wp\/v2\/pages\/340\/revisions\/551"}],"up":[{"embeddable":true,"href":"https:\/\/www.marista.hu\/index.php?rest_route=\/wp\/v2\/pages\/334"}],"wp:attachment":[{"href":"https:\/\/www.marista.hu\/index.php?rest_route=%2Fwp%2Fv2%2Fmedia&parent=340"}],"curies":[{"name":"wp","href":"https:\/\/api.w.org\/{rel}","templated":true}]}}