{"id":1405,"date":"2015-11-30T19:44:27","date_gmt":"2015-11-30T17:44:27","guid":{"rendered":"http:\/\/www.marista.hu\/?page_id=1405"},"modified":"2015-11-30T19:44:27","modified_gmt":"2015-11-30T17:44:27","slug":"montagne-ev-2","status":"publish","type":"page","link":"https:\/\/www.marista.hu\/?page_id=1405","title":{"rendered":"Montagne \u00e9v"},"content":{"rendered":"<p style=\"text-align: justify;\">A tal\u00e1lkoz\u00e1s a fiatal Montagne-nal m\u00e9ly nyomot hagyott Champagnat atya \u00e9let\u00e9ben, \u00e9s nyilv\u00e1nval\u00f3 oka volt a Marista Rend sz\u00fclet\u00e9s\u00e9nek.<\/p>\n<p style=\"text-align: justify;\">2014.okt\u00f3ber 28-\u00e1n, Champagnat atya \u00e9s a fiatal Montagne tal\u00e1lkoz\u00e1s\u00e1nak \u00e9vfordul\u00f3j\u00e1n elind\u00edtjuk a Montagne \u00e9vet. Ez egybeesik az \u201eIstennek szentelt \u00e9let\u201d egyh\u00e1zi \u00fcnnep\u00e9vel.<\/p>\n<p style=\"text-align: justify;\">Ez az els\u0151 ikon el fog k\u00eds\u00e9rni benn\u00fcnket 2015. j\u00falius\u00e1ig. Arra eml\u00e9keztet minket, hogy mennyire fontos \u00e9s s\u00fcrg\u0151s a mi misszi\u00f3nk. Ez a misszi\u00f3 ugyanolyan aktu\u00e1lis ma is, mint Champagnat atya idej\u00e9ben.<\/p>\n<p style=\"text-align: justify;\">Rendalap\u00edt\u00f3nk t\u00f6bb \u00f3ra alatt tette meg az utat La Valla-t\u00f3l id\u00e1ig .Ugyanazt a h\u00edv\u00e1st halljuk most is, hogy elinduljunk az \u00faton, hogy tal\u00e1lkozzunk a mai fiatal Montagne-okkal , b\u00e1rhol is legyenek.<\/p>\n<p style=\"text-align: justify;\">Ferenc p\u00e1pa felh\u00edv\u00e1sa visszhangzik f\u00fcl\u00fcnkben:<em> l\u00e9pj\u00fcnk ki saj\u00e1t k\u00e9nyelm\u00fcnkb\u0151l, legyen benn\u00fcnk b\u00e1tors\u00e1g eljutni az \u00f6sszes \u201eperif\u00e9ri\u00e1ra\u201d, ahol sz\u00fcks\u00e9g van az evang\u00e9lium vil\u00e1goss\u00e1g\u00e1ra. ( EG 20 )<\/em><\/p>\n<p style=\"text-align: justify;\">Az Evangelii Gaudium apostoli buzd\u00edt\u00e1s\u00e1ban (49) Ferenc P\u00e1pa s\u00fcrget minket:<\/p>\n<p style=\"text-align: justify;\">\u201eS<em>z\u00edvesebben l\u00e1tok egy olyan Egyh\u00e1zat, amelyet baleset \u00e9rt, amely megsebes\u00fclt \u00e9s bepiszkol\u00f3dott, mik\u00f6zben kiment az utc\u00e1kra, mint egy olyan Egyh\u00e1zat, amely belebetegedett a z\u00e1rts\u00e1gba \u00e9s a k\u00e9nyelemben, mert a saj\u00e1t biztons\u00e1g\u00e1hoz ragaszkodott. <\/em><\/p>\n<p style=\"text-align: justify;\"><em>Nem akarok olyan Egyh\u00e1zat, amely k\u00f6z\u00e9ppont akar lenni, \u00e9s \u00fagy v\u00e9gzi, hogy bele<\/em><a href=\"https:\/\/www.marista.hu\/wp-content\/uploads\/icones_2014-15-kis.jpg\"><img loading=\"lazy\" decoding=\"async\" class=\"alignright wp-image-1135 size-medium\" src=\"https:\/\/www.marista.hu\/wp-content\/uploads\/icones_2014-15-kis-233x300.jpg\" alt=\"icones_2014-15 kis\" width=\"233\" height=\"300\" srcset=\"https:\/\/www.marista.hu\/wp-content\/uploads\/icones_2014-15-kis-233x300.jpg 233w, https:\/\/www.marista.hu\/wp-content\/uploads\/icones_2014-15-kis.jpg 336w\" sizes=\"(max-width: 233px) 100vw, 233px\" \/><\/a><em>bonyol\u00f3dik a r\u00f6geszm\u00e9k \u00e9s proced\u00far\u00e1k sz\u00f6vev\u00e9ny\u00e9be. Ha valaminek szent\u00fcl nyugtalan\u00edtania \u00e9s aggasztania kell a lelkiismeret\u00fcnket, akkor az az, hogy oly sok testv\u00e9r\u00fcnk \u00e9l a J\u00e9zus Krisztussal val\u00f3 bar\u00e1ts\u00e1g ereje, vil\u00e1goss\u00e1ga \u00e9s vigasztal\u00e1sa n\u00e9lk\u00fcl, az \u0151t befogad\u00f3 h\u00edv\u0151 k\u00f6z\u00f6ss\u00e9g \u00e9s az \u00e9let \u00e9rtelm\u00e9nek horizontja n\u00e9lk\u00fcl. Rem\u00e9lem, hogy nem annyira a kudarct\u00f3l val\u00f3 f\u00e9lelem, hanem sokkal ink\u00e1bb az a f\u00e9lelem mozgat minket, hogy be ne z\u00e1rk\u00f3zunk a hamis v\u00e9delmet ny\u00fajt\u00f3 strukt\u00far\u00e1kba, a t\u00f6rv\u00e9nyekbe, melyek k\u00e9rlelhetetlen b\u00edr\u00e1kk\u00e1 form\u00e1lnak benn\u00fcnket;olyan szok\u00e1sokba, amelyekben nyugodtan \u00e9rezz\u00fck magunkat, mik\u00f6zben odakinn \u00e9hez\u0151 sokas\u00e1g van, \u00e9s J\u00e9zus \u00e1lland\u00f3an ezt ism\u00e9tli nek\u00fcnk: \u201e Ti adjatok nekik enni.\u201d Mk 6,37 )<\/em><\/p>\n<p style=\"text-align: justify;\">Milyen t\u0171z \u00e9gett Champagnat atya sz\u00edv\u00e9ben, amikor hazaindult La Valla-ba a Montagne fi\u00faval val\u00f3 tal\u00e1lkoz\u00e1s ut\u00e1n? Mi buzd\u00edtotta \u0151t, hogy n\u00e9h\u00e1ny h\u00f3nap m\u00falva megalap\u00edtsa a Rendet? K\u00e9rdezz\u00fck meg magunkt\u00f3l: nem ugyanarra az \u00fatra kaptunk \u00faj megh\u00edv\u00e1st? Megengedj\u00fck magunknak, hogy a mai fiatal Montagne-ok helyzete m\u00e9lyen meg\u00e9rintsen benn\u00fcnket?<\/p>\n<p>Ez a sz\u00f6veg itt let\u00f6lthet\u0151: <a href=\"https:\/\/www.marista.hu\/wp-content\/uploads\/MONTAGNE-%C3%89V.pdf\">MONTAGNE \u00c9V<\/a><\/p>\n","protected":false},"excerpt":{"rendered":"<p>A tal\u00e1lkoz\u00e1s a fiatal Montagne-nal m\u00e9ly nyomot hagyott Champagnat atya \u00e9let\u00e9ben, \u00e9s nyilv\u00e1nval\u00f3 oka volt a Marista Rend sz\u00fclet\u00e9s\u00e9nek. 2014.okt\u00f3ber 28-\u00e1n, Champagnat atya \u00e9s a fiatal Montagne tal\u00e1lkoz\u00e1s\u00e1nak \u00e9vfordul\u00f3j\u00e1n elind\u00edtjuk a Montagne \u00e9vet. Ez egybeesik az \u201eIstennek szentelt \u00e9let\u201d egyh\u00e1zi<\/p>\n","protected":false},"author":8,"featured_media":0,"parent":0,"menu_order":0,"comment_status":"closed","ping_status":"closed","template":"","meta":{"footnotes":""},"_links":{"self":[{"href":"https:\/\/www.marista.hu\/index.php?rest_route=\/wp\/v2\/pages\/1405"}],"collection":[{"href":"https:\/\/www.marista.hu\/index.php?rest_route=\/wp\/v2\/pages"}],"about":[{"href":"https:\/\/www.marista.hu\/index.php?rest_route=\/wp\/v2\/types\/page"}],"author":[{"embeddable":true,"href":"https:\/\/www.marista.hu\/index.php?rest_route=\/wp\/v2\/users\/8"}],"replies":[{"embeddable":true,"href":"https:\/\/www.marista.hu\/index.php?rest_route=%2Fwp%2Fv2%2Fcomments&post=1405"}],"version-history":[{"count":1,"href":"https:\/\/www.marista.hu\/index.php?rest_route=\/wp\/v2\/pages\/1405\/revisions"}],"predecessor-version":[{"id":1406,"href":"https:\/\/www.marista.hu\/index.php?rest_route=\/wp\/v2\/pages\/1405\/revisions\/1406"}],"wp:attachment":[{"href":"https:\/\/www.marista.hu\/index.php?rest_route=%2Fwp%2Fv2%2Fmedia&parent=1405"}],"curies":[{"name":"wp","href":"https:\/\/api.w.org\/{rel}","templated":true}]}}