{"id":1401,"date":"2015-11-30T19:41:19","date_gmt":"2015-11-30T17:41:19","guid":{"rendered":"http:\/\/www.marista.hu\/?page_id=1401"},"modified":"2015-11-30T19:42:57","modified_gmt":"2015-11-30T17:42:57","slug":"montagne-ev","status":"publish","type":"page","link":"https:\/\/www.marista.hu\/?page_id=1401","title":{"rendered":"Fourvi\u00e9re \u00e9v"},"content":{"rendered":"<p style=\"text-align: justify;\">1816.j\u00falius 23-\u00e1n, egy csapat fiatal lelkes pap felszentel\u00e9se m\u00e1snapj\u00e1n f\u00f6lment a lyoni Fourvi\u00e8re-i Bazilika szent\u00e9ly\u00e9be.<\/p>\n<p style=\"text-align: justify;\">A Sz\u0171zany\u00e1nk l\u00e1b\u00e1n\u00e1l, \u00edg\u00e9retet tettek arra, hogy megalap\u00edtj\u00e1k a M\u00e1ria T\u00e1rsas\u00e1got.<br \/>\n2016-ban \u00fcnnepelj\u00fck majd ennek az \u00edg\u00e9retnek a 200. \u00e9vfordul\u00f3j\u00e1t. \u00c9ppen ez\u00e9rt a m\u00e1sodik \u00e9vben, 2015 j\u00falius\u00e1t\u00f3l 2016 j\u00falius\u00e1ig a Fourvi\u00e8re-i ikon fog vezetni benn\u00fcnket.<\/p>\n<p style=\"text-align: justify;\">A kezdetekt\u0151l fogva az els\u0151 marist\u00e1k a M\u00e1ria T\u00e1rsas\u00e1got olyannak tervezt\u00e9k mint egy k\u00fcl\u00f6nb\u00f6z\u0151 \u00e1gakkal rendelkez\u0151 nagy f\u00e1t: szerzetespapok, szerzetestestv\u00e9rek, n\u0151v\u00e9rek \u00e9s vil\u00e1giak \u00e1gaival.<\/p>\n<p style=\"text-align: justify;\">Ebben az id\u0151ben a terv nem kapta meg az Egyh\u00e1z elismer\u00e9s\u00e9t; tal\u00e1n a t\u00f6rt\u00e9nelmi helyzet akkor m\u00e9g nem \u00e9rett meg erre.<\/p>\n<p style=\"text-align: justify;\">A mai k\u00f6r\u00fclm\u00e9nyek teljesen m\u00e1sok. H\u00e1l\u00e1s sz\u00edvvel tapasztaljuk, hogy a Szentl\u00e9lek felvir\u00e1goztatta k\u00f6r\u00fcl\u00f6tt\u00fcnk a marista laikus hivat\u00e1st. T\u00f6bb ezer laikus n\u0151 \u00e9s f\u00e9rfi szerte az eg\u00e9sz vil\u00e1gon \u00fagy \u00e9rzi, hogy M\u00e1ria m\u00f3dj\u00e1n szeretn\u00e9 meg\u00e9lni az Evang\u00e9liumot, Champagnat atya \u00e9s az els\u0151 testv\u00e9rek p\u00e9ld\u00e1j\u00e1t k\u00f6vetve.<a href=\"https:\/\/www.marista.hu\/wp-content\/uploads\/icones_2015-16.jpg\"><img loading=\"lazy\" decoding=\"async\" class=\"alignright wp-image-1320 size-medium\" src=\"https:\/\/www.marista.hu\/wp-content\/uploads\/icones_2015-16-233x300.jpg\" alt=\"icones_2015-16\" width=\"233\" height=\"300\" srcset=\"https:\/\/www.marista.hu\/wp-content\/uploads\/icones_2015-16-233x300.jpg 233w, https:\/\/www.marista.hu\/wp-content\/uploads\/icones_2015-16.jpg 700w\" sizes=\"(max-width: 233px) 100vw, 233px\" \/><\/a><\/p>\n<p style=\"text-align: justify;\">A M\u00e1ria T\u00e1rsas\u00e1g eredete arra eml\u00e9keztet benn\u00fcnket, hogy mi, szerzetesek \u00e9s laikusok, egy\u00fctt dolgozunk ugyanabban a misszi\u00f3ban, hogy \u00e9letm\u00f3dunk \u00e1ltal bemutassuk az Egyh\u00e1z M\u00e1ria arc\u00e1t \u00e9s tov\u00e1bb \u00e9p\u00edts\u00fck az Egyh\u00e1zat.<\/p>\n<p style=\"text-align: justify;\">A legut\u00f3bbi \u00c1ltal\u00e1nos K\u00e1ptalan egy \u00fajfajta, a testv\u00e9rek \u00e9s a laikusok k\u00f6z\u00f6tti kapcsolatra h\u00edv minket, hogy jobban megfelelj\u00fcnk az inspir\u00e1l\u00f3 k\u00fcldet\u00e9snek, mellyel az Egyh\u00e1z megb\u00edz benn\u00fcnket.<\/p>\n<p style=\"text-align: justify;\">Az \u00c1ltal\u00e1nos K\u00e1ptalan kijelentette: Marista j\u00f6v\u0151nket abban l\u00e1tjuk, hogy egy k\u00f6z\u00f6ss\u00e9gben \u00e9l\u00fcnk Champagnat atya karizm\u00e1j\u00e1ban, a Szentl\u00e9lek kreativit\u00e1s\u00e1ra nyitott sz\u00edvvel, aki olyan utakra vezet benn\u00fcnket, melyeket tal\u00e1n eddig nem is k\u00e9pzelt\u00fcnk.<\/p>\n","protected":false},"excerpt":{"rendered":"<p>1816.j\u00falius 23-\u00e1n, egy csapat fiatal lelkes pap felszentel\u00e9se m\u00e1snapj\u00e1n f\u00f6lment a lyoni Fourvi\u00e8re-i Bazilika szent\u00e9ly\u00e9be. A Sz\u0171zany\u00e1nk l\u00e1b\u00e1n\u00e1l, \u00edg\u00e9retet tettek arra, hogy megalap\u00edtj\u00e1k a M\u00e1ria T\u00e1rsas\u00e1got. 2016-ban \u00fcnnepelj\u00fck majd ennek az \u00edg\u00e9retnek a 200. \u00e9vfordul\u00f3j\u00e1t. \u00c9ppen ez\u00e9rt a m\u00e1sodik \u00e9vben,<\/p>\n","protected":false},"author":8,"featured_media":0,"parent":0,"menu_order":0,"comment_status":"closed","ping_status":"closed","template":"","meta":{"footnotes":""},"_links":{"self":[{"href":"https:\/\/www.marista.hu\/index.php?rest_route=\/wp\/v2\/pages\/1401"}],"collection":[{"href":"https:\/\/www.marista.hu\/index.php?rest_route=\/wp\/v2\/pages"}],"about":[{"href":"https:\/\/www.marista.hu\/index.php?rest_route=\/wp\/v2\/types\/page"}],"author":[{"embeddable":true,"href":"https:\/\/www.marista.hu\/index.php?rest_route=\/wp\/v2\/users\/8"}],"replies":[{"embeddable":true,"href":"https:\/\/www.marista.hu\/index.php?rest_route=%2Fwp%2Fv2%2Fcomments&post=1401"}],"version-history":[{"count":3,"href":"https:\/\/www.marista.hu\/index.php?rest_route=\/wp\/v2\/pages\/1401\/revisions"}],"predecessor-version":[{"id":1404,"href":"https:\/\/www.marista.hu\/index.php?rest_route=\/wp\/v2\/pages\/1401\/revisions\/1404"}],"wp:attachment":[{"href":"https:\/\/www.marista.hu\/index.php?rest_route=%2Fwp%2Fv2%2Fmedia&parent=1401"}],"curies":[{"name":"wp","href":"https:\/\/api.w.org\/{rel}","templated":true}]}}